{"id":112,"date":"2012-05-10T20:20:03","date_gmt":"2012-05-10T20:20:03","guid":{"rendered":"https:\/\/getsmartdrugs.com\/?page_id=112"},"modified":"2013-01-01T20:37:09","modified_gmt":"2013-01-01T20:37:09","slug":"disclaimer","status":"publish","type":"page","link":"https:\/\/getsmartdrugs.com\/es\/disclaimer\/","title":{"rendered":"Descargo de responsabilidad"},"content":{"rendered":"<p><strong><em>Yo no soy un m\u00e9dico<\/em><\/strong>, ni juego uno en la televisi\u00f3n. El cerebro de todos es diferente. Lo que funciona para mi puede no funcionar para ti. Lo que funciona para ti puede que no funcione para m\u00ed. Lo que considero una experiencia positiva puede que no sea tan agradable para ti. Consulte a su m\u00e9dico antes de comenzar cualquier r\u00e9gimen, especialmente si tiene un mayor riesgo de tener problemas de salud.<\/p>\n<p>Utilizamos el marketing de afiliados a trav\u00e9s de Amazon y otros afiliados como medio de publicidad. <em><strong>Sea amable y no elimine los c\u00f3digos si decide comprar a trav\u00e9s de ellos<\/strong><\/em>. Gracias \ud83d\ude42<\/p>","protected":false},"excerpt":{"rendered":"<p>No soy m\u00e9dico, ni lo interpreto en la tele. El cerebro de todos es diferente. Lo que funciona para mi puede no funcionar para ti. Lo que funciona para ti puede no funcionar para m\u00ed. Lo que considero una experiencia positiva puede no ser tan agradable para ti. Por favor, consulte a su m\u00e9dico antes de comenzar cualquier r\u00e9gimen,... <\/p>\n<p class=\"read-more-container\"><a title=\"Descargo de responsabilidad\" class=\"read-more button\" href=\"https:\/\/getsmartdrugs.com\/es\/disclaimer\/#more-112\" aria-label=\"Leer m\u00e1s sobre Descargo de responsabilidad\">Lee mas<\/a><\/p>","protected":false},"author":1,"featured_media":0,"parent":0,"menu_order":1,"comment_status":"open","ping_status":"closed","template":"","meta":{"footnotes":""},"class_list":{"0":"post-112","1":"page","2":"type-page","3":"status-publish","5":"no-featured-image-padding"},"_links":{"self":[{"href":"https:\/\/getsmartdrugs.com\/es\/wp-json\/wp\/v2\/pages\/112","targetHints":{"allow":["GET"]}}],"collection":[{"href":"https:\/\/getsmartdrugs.com\/es\/wp-json\/wp\/v2\/pages"}],"about":[{"href":"https:\/\/getsmartdrugs.com\/es\/wp-json\/wp\/v2\/types\/page"}],"author":[{"embeddable":true,"href":"https:\/\/getsmartdrugs.com\/es\/wp-json\/wp\/v2\/users\/1"}],"replies":[{"embeddable":true,"href":"https:\/\/getsmartdrugs.com\/es\/wp-json\/wp\/v2\/comments?post=112"}],"version-history":[{"count":0,"href":"https:\/\/getsmartdrugs.com\/es\/wp-json\/wp\/v2\/pages\/112\/revisions"}],"wp:attachment":[{"href":"https:\/\/getsmartdrugs.com\/es\/wp-json\/wp\/v2\/media?parent=112"}],"curies":[{"name":"wp","href":"https:\/\/api.w.org\/{rel}","templated":true}]}}