{"id":322,"date":"2012-06-26T03:01:14","date_gmt":"2012-06-26T03:01:14","guid":{"rendered":"https:\/\/getsmartdrugs.com\/?page_id=322"},"modified":"2012-06-26T03:01:14","modified_gmt":"2012-06-26T03:01:14","slug":"now-foods-true-calm-amino-relaxer-90-capsules","status":"publish","type":"page","link":"https:\/\/getsmartdrugs.com\/es\/smart-drugs-list\/now-foods-true-calm-amino-relaxer-90-capsules\/","title":{"rendered":"NOW Foods True Calm Amino Relaxer, 90 c\u00e1psulas"},"content":{"rendered":"<p>\t\t\t\t\t<img decoding=\"async\" class=\"lazyload\" src=\"data:image\/gif;base64,R0lGODlhAQABAIAAAAAAAP\/\/\/yH5BAEAAAAALAAAAAABAAEAAAIBRAA7\" data-src=\"https:\/\/ecx.images-amazon.com\/images\/I\/41ZwNvGYboL._SL160_.jpg\" style='border: 0 none; padding: 5px 10px 10px 0px;' align='left' \/><noscript><img class=\"lazyload\" src='https:\/\/ecx.images-amazon.com\/images\/I\/41ZwNvGYboL._SL160_.jpg' style='border: 0 none; padding: 5px 10px 10px 0px;' align='left' \/><\/noscript><br \/>\n\t\t\t\t\tTrue CalmTM es un complemento combinado eficaz que incorpora las \u00faltimas investigaciones sobre amino\u00e1cidos y neurotransmisores en una f\u00f3rmula f\u00e1cil de usar. True CalmTM incluye nutrientes cerebrales como GABA, un amino\u00e1cido que apoya la regulaci\u00f3n a la baja de las c\u00e9lulas nerviosas sobreestimuladas. Se mezcla sin\u00e9rgicamente con vitaminas, hierbas y otros amino\u00e1cidos para apoyar la relajaci\u00f3n y un estado de \u00e1nimo equilibrado.*<\/p>","protected":false},"excerpt":{"rendered":"<p>True CalmTM es un complemento combinado eficaz que incorpora las \u00faltimas investigaciones sobre amino\u00e1cidos y neurotransmisores en una f\u00f3rmula f\u00e1cil de usar. True CalmTM incluye nutrientes cerebrales como GABA, un amino\u00e1cido que apoya la regulaci\u00f3n a la baja de las c\u00e9lulas nerviosas sobreestimuladas. Se mezcla sin\u00e9rgicamente con vitaminas, hierbas y otros amino\u00e1cidos para apoyar la relajaci\u00f3n y un... <\/p>\n<p class=\"read-more-container\"><a title=\"NOW Foods True Calm Amino Relaxer, 90 c\u00e1psulas\" class=\"read-more button\" href=\"https:\/\/getsmartdrugs.com\/es\/smart-drugs-list\/now-foods-true-calm-amino-relaxer-90-capsules\/#more-322\" aria-label=\"Leer m\u00e1s sobre NOW Foods True Calm Amino Relajante, 90 C\u00e1psulas\">Lee mas<\/a><\/p>","protected":false},"author":1,"featured_media":0,"parent":45,"menu_order":0,"comment_status":"open","ping_status":"closed","template":"","meta":{"footnotes":""},"class_list":{"0":"post-322","1":"page","2":"type-page","3":"status-publish","5":"no-featured-image-padding"},"_links":{"self":[{"href":"https:\/\/getsmartdrugs.com\/es\/wp-json\/wp\/v2\/pages\/322","targetHints":{"allow":["GET"]}}],"collection":[{"href":"https:\/\/getsmartdrugs.com\/es\/wp-json\/wp\/v2\/pages"}],"about":[{"href":"https:\/\/getsmartdrugs.com\/es\/wp-json\/wp\/v2\/types\/page"}],"author":[{"embeddable":true,"href":"https:\/\/getsmartdrugs.com\/es\/wp-json\/wp\/v2\/users\/1"}],"replies":[{"embeddable":true,"href":"https:\/\/getsmartdrugs.com\/es\/wp-json\/wp\/v2\/comments?post=322"}],"version-history":[{"count":0,"href":"https:\/\/getsmartdrugs.com\/es\/wp-json\/wp\/v2\/pages\/322\/revisions"}],"up":[{"embeddable":true,"href":"https:\/\/getsmartdrugs.com\/es\/wp-json\/wp\/v2\/pages\/45"}],"wp:attachment":[{"href":"https:\/\/getsmartdrugs.com\/es\/wp-json\/wp\/v2\/media?parent=322"}],"curies":[{"name":"wp","href":"https:\/\/api.w.org\/{rel}","templated":true}]}}