{"id":380,"date":"2012-06-26T03:03:53","date_gmt":"2012-06-26T03:03:53","guid":{"rendered":"https:\/\/getsmartdrugs.com\/?page_id=380"},"modified":"2012-06-26T03:03:53","modified_gmt":"2012-06-26T03:03:53","slug":"nature-made-super-vitamin-b-complex-tabs-100-ct","status":"publish","type":"page","link":"https:\/\/getsmartdrugs.com\/es\/smart-drugs-list\/nature-made-super-vitamin-b-complex-tabs-100-ct\/","title":{"rendered":"Pesta\u00f1as Nature Made Super Vitamin B-Complex, 100 ct"},"content":{"rendered":"<p>\t\t\t\t\t<img decoding=\"async\" class=\"lazyload\" src=\"data:image\/gif;base64,R0lGODlhAQABAIAAAAAAAP\/\/\/yH5BAEAAAAALAAAAAABAAEAAAIBRAA7\" data-src=\"https:\/\/ecx.images-amazon.com\/images\/I\/316k08CVYAL._SL160_.jpg\" style='border: 0 none; padding: 5px 10px 10px 0px;' align='left' \/><noscript><img class=\"lazyload\" src='https:\/\/ecx.images-amazon.com\/images\/I\/316k08CVYAL._SL160_.jpg' style='border: 0 none; padding: 5px 10px 10px 0px;' align='left' \/><\/noscript><br \/>\n\t\t\t\t\tNature Made Super B-Complex Ayuda a convertir los alimentos en energ\u00eda. Ayuda a mantener la salud del sistema nervioso. Esencial para la formaci\u00f3n de gl\u00f3bulos rojos y prote\u00ednas. Formulado para una f\u00e1cil absorci\u00f3n. Sin colores ni sabores artificiales. Sin preservativos. Sin levadura, almid\u00f3n o gluten. Mantener su nivel de energ\u00eda puede ayudarlo a sentirse mejor. Nature Made Super B-Complex es una combinaci\u00f3n de vitaminas B esenciales (tiamina, riboflavina, niacina, B-6, \u00e1cido f\u00f3lico, biotina y \u00e1cido pantot\u00e9nico) que trabajan juntas para ayudar a producir energ\u00eda. Nature Made Super B-Complex est\u00e1 garantizado para cumplir con nuestros altos est\u00e1ndares de calidad: est\u00e1 hecho de ingredientes cuidadosamente seleccionados bajo estrictos procesos de fabricaci\u00f3n. Datos del suplemento Tama\u00f1o de la porci\u00f3n: 1 tableta Cantidad por porci\u00f3n % Valor diario Vitamina C 150 mg 250% Tiamina (B1) 100 mg 6667% Riboflavina (B2) 20 mg 1175% Niacina (B3) 25 mg 125% Vitamina B6 2 mg 100% Folato, \u00e1cido f\u00f3lico, folacina 400 mcg 100% Vitamina B12 15 mcg 250% Biotina 5 mcg 2% \u00c1cido pantot\u00e9nico 5,5 mg 55% Levaduras secas 100 mg* *Valor diario no establecido. Uso sugerido: Tome una tableta Super B-Complex diariamente, con una comida. Mantenga la botella bien cerrada. Guardar en un lugar fresco y seco. Advertencias: No lo use si el sello impreso debajo de la tapa est\u00e1 roto o falta. Mantener fuera del alcance de los ni\u00f1os<\/p>","protected":false},"excerpt":{"rendered":"<p>Nature Made Super B-Complex Ayuda a convertir los alimentos en energ\u00eda. Ayuda a mantener la salud del sistema nervioso. Esencial para la formaci\u00f3n de gl\u00f3bulos rojos y prote\u00ednas. Formulado para una f\u00e1cil absorci\u00f3n. Sin colores ni sabores artificiales. Sin preservativos. Sin levadura, almid\u00f3n o gluten. Mantener su nivel de energ\u00eda puede ayudarlo a sentirse mejor. Nature Made Super B-Complex es una combinaci\u00f3n... <\/p>\n<p class=\"read-more-container\"><a title=\"Pesta\u00f1as Nature Made Super Vitamin B-Complex, 100 ct\" class=\"read-more button\" href=\"https:\/\/getsmartdrugs.com\/es\/smart-drugs-list\/nature-made-super-vitamin-b-complex-tabs-100-ct\/#more-380\" aria-label=\"Leer m\u00e1s sobre Pesta\u00f1as de complejo s\u00faper vitam\u00ednico B Nature Made, 100 unidades\">Lee mas<\/a><\/p>","protected":false},"author":1,"featured_media":0,"parent":45,"menu_order":0,"comment_status":"open","ping_status":"closed","template":"","meta":{"footnotes":""},"class_list":{"0":"post-380","1":"page","2":"type-page","3":"status-publish","5":"no-featured-image-padding"},"_links":{"self":[{"href":"https:\/\/getsmartdrugs.com\/es\/wp-json\/wp\/v2\/pages\/380","targetHints":{"allow":["GET"]}}],"collection":[{"href":"https:\/\/getsmartdrugs.com\/es\/wp-json\/wp\/v2\/pages"}],"about":[{"href":"https:\/\/getsmartdrugs.com\/es\/wp-json\/wp\/v2\/types\/page"}],"author":[{"embeddable":true,"href":"https:\/\/getsmartdrugs.com\/es\/wp-json\/wp\/v2\/users\/1"}],"replies":[{"embeddable":true,"href":"https:\/\/getsmartdrugs.com\/es\/wp-json\/wp\/v2\/comments?post=380"}],"version-history":[{"count":0,"href":"https:\/\/getsmartdrugs.com\/es\/wp-json\/wp\/v2\/pages\/380\/revisions"}],"up":[{"embeddable":true,"href":"https:\/\/getsmartdrugs.com\/es\/wp-json\/wp\/v2\/pages\/45"}],"wp:attachment":[{"href":"https:\/\/getsmartdrugs.com\/es\/wp-json\/wp\/v2\/media?parent=380"}],"curies":[{"name":"wp","href":"https:\/\/api.w.org\/{rel}","templated":true}]}}