{"id":393,"date":"2012-06-26T03:03:52","date_gmt":"2012-06-26T03:03:52","guid":{"rendered":"https:\/\/getsmartdrugs.com\/?page_id=393"},"modified":"2012-06-26T03:03:53","modified_gmt":"2012-06-26T03:03:53","slug":"nature-made-super-b-complex-with-vitamin-c-folic-acid-300-tablets-pack-of-3","status":"publish","type":"page","link":"https:\/\/getsmartdrugs.com\/es\/smart-drugs-list\/nature-made-super-b-complex-with-vitamin-c-folic-acid-300-tablets-pack-of-3\/","title":{"rendered":"Nature Made Super B-Complex con vitamina C y \u00e1cido f\u00f3lico, 300 tabletas (Paquete de 3)"},"content":{"rendered":"<p>\t\t\t\t\t<img decoding=\"async\" class=\"lazyload\" src=\"data:image\/gif;base64,R0lGODlhAQABAIAAAAAAAP\/\/\/yH5BAEAAAAALAAAAAABAAEAAAIBRAA7\" data-src=\"https:\/\/ecx.images-amazon.com\/images\/I\/51V3ZT72W8L._SL160_.jpg\" style='border: 0 none; padding: 5px 10px 10px 0px;' align='left' \/><noscript><img class=\"lazyload\" src='https:\/\/ecx.images-amazon.com\/images\/I\/51V3ZT72W8L._SL160_.jpg' style='border: 0 none; padding: 5px 10px 10px 0px;' align='left' \/><\/noscript><br \/>\n\t\t\t\t\tSuplemento. Recomendado por farmac\u00e9uticos. Calidad USP. Con \u00c1cido F\u00f3lico. Las vitaminas B ayudan a convertir los alimentos en energ\u00eda. Las vitaminas B tambi\u00e9n son necesarias para el funcionamiento normal del sistema nervioso. Nuestra f\u00f3rmula Super B-Complex contiene altos niveles de vitaminas B y<\/p>","protected":false},"excerpt":{"rendered":"<p>Suplemento. Recomendado por farmac\u00e9uticos. Calidad USP. Con \u00c1cido F\u00f3lico. Las vitaminas B ayudan a convertir los alimentos en energ\u00eda. Las vitaminas B tambi\u00e9n son necesarias para el funcionamiento normal del sistema nervioso. Nuestra f\u00f3rmula Super B-Complex contiene altos niveles de vitaminas B y<\/p>","protected":false},"author":1,"featured_media":0,"parent":45,"menu_order":0,"comment_status":"open","ping_status":"closed","template":"","meta":{"footnotes":""},"class_list":{"0":"post-393","1":"page","2":"type-page","3":"status-publish","5":"no-featured-image-padding"},"_links":{"self":[{"href":"https:\/\/getsmartdrugs.com\/es\/wp-json\/wp\/v2\/pages\/393","targetHints":{"allow":["GET"]}}],"collection":[{"href":"https:\/\/getsmartdrugs.com\/es\/wp-json\/wp\/v2\/pages"}],"about":[{"href":"https:\/\/getsmartdrugs.com\/es\/wp-json\/wp\/v2\/types\/page"}],"author":[{"embeddable":true,"href":"https:\/\/getsmartdrugs.com\/es\/wp-json\/wp\/v2\/users\/1"}],"replies":[{"embeddable":true,"href":"https:\/\/getsmartdrugs.com\/es\/wp-json\/wp\/v2\/comments?post=393"}],"version-history":[{"count":0,"href":"https:\/\/getsmartdrugs.com\/es\/wp-json\/wp\/v2\/pages\/393\/revisions"}],"up":[{"embeddable":true,"href":"https:\/\/getsmartdrugs.com\/es\/wp-json\/wp\/v2\/pages\/45"}],"wp:attachment":[{"href":"https:\/\/getsmartdrugs.com\/es\/wp-json\/wp\/v2\/media?parent=393"}],"curies":[{"name":"wp","href":"https:\/\/api.w.org\/{rel}","templated":true}]}}